{"id":61,"date":"2017-12-02T08:02:52","date_gmt":"2017-12-02T07:02:52","guid":{"rendered":"https:\/\/import.themovation.com\/bellevue2\/chalet\/?page_id=640"},"modified":"2023-06-01T17:57:43","modified_gmt":"2023-06-01T15:57:43","slug":"mini-mal-urlaub","status":"publish","type":"page","link":"https:\/\/country-holiday.de\/?page_id=61","title":{"rendered":"MiniMal-Urlaub"},"content":{"rendered":"\t\t<div data-elementor-type=\"wp-post\" data-elementor-id=\"61\" class=\"elementor elementor-61\">\n\t\t\t\t\t\t<section class=\"elementor-section elementor-top-section elementor-element elementor-element-6229ba4 elementor-section-full_width elementor-section-height-min-height elementor-section-height-default elementor-section-items-middle\" data-id=\"6229ba4\" data-element_type=\"section\" data-e-type=\"section\" data-settings=\"{&quot;background_background&quot;:&quot;classic&quot;}\">\n\t\t\t\t\t\t\t<div class=\"elementor-background-overlay\"><\/div>\n\t\t\t\t\t\t\t<div class=\"elementor-container elementor-column-gap-default\">\n\t\t\t\t\t<div class=\"elementor-column elementor-col-100 elementor-top-column elementor-element elementor-element-1f66876d\" data-id=\"1f66876d\" data-element_type=\"column\" data-e-type=\"column\">\n\t\t\t<div class=\"elementor-widget-wrap elementor-element-populated\">\n\t\t\t\t\t\t<div class=\"elementor-element elementor-element-68d1557 elementor-widget elementor-widget-spacer\" data-id=\"68d1557\" data-element_type=\"widget\" data-e-type=\"widget\" data-widget_type=\"spacer.default\">\n\t\t\t\t<div class=\"elementor-widget-container\">\n\t\t\t\t\t\t\t<div class=\"elementor-spacer\">\n\t\t\t<div class=\"elementor-spacer-inner\"><\/div>\n\t\t<\/div>\n\t\t\t\t\t\t<\/div>\n\t\t\t\t<\/div>\n\t\t\t\t\t<\/div>\n\t\t<\/div>\n\t\t\t\t\t<\/div>\n\t\t<\/section>\n\t\t\t\t<section class=\"elementor-section elementor-top-section elementor-element elementor-element-58f303d elementor-section-boxed elementor-section-height-default elementor-section-height-default\" data-id=\"58f303d\" data-element_type=\"section\" data-e-type=\"section\">\n\t\t\t\t\t\t<div class=\"elementor-container elementor-column-gap-default\">\n\t\t\t\t\t<div class=\"elementor-column elementor-col-100 elementor-top-column elementor-element elementor-element-e087e4d\" data-id=\"e087e4d\" data-element_type=\"column\" data-e-type=\"column\">\n\t\t\t<div class=\"elementor-widget-wrap\">\n\t\t\t\t\t\t\t<\/div>\n\t\t<\/div>\n\t\t\t\t\t<\/div>\n\t\t<\/section>\n\t\t\t\t<section class=\"elementor-section elementor-top-section elementor-element elementor-element-51204c8d elementor-section-boxed elementor-section-height-default elementor-section-height-default\" data-id=\"51204c8d\" data-element_type=\"section\" data-e-type=\"section\" data-settings=\"{&quot;background_background&quot;:&quot;classic&quot;}\">\n\t\t\t\t\t\t<div class=\"elementor-container elementor-column-gap-default\">\n\t\t\t\t\t<div class=\"elementor-column elementor-col-100 elementor-top-column elementor-element elementor-element-50ec539c\" data-id=\"50ec539c\" data-element_type=\"column\" data-e-type=\"column\">\n\t\t\t<div class=\"elementor-widget-wrap elementor-element-populated\">\n\t\t\t\t\t\t<div class=\"elementor-element elementor-element-8656923 elementor-view-default elementor-position-block-start elementor-mobile-position-block-start elementor-widget elementor-widget-icon-box\" data-id=\"8656923\" data-element_type=\"widget\" data-e-type=\"widget\" data-widget_type=\"icon-box.default\">\n\t\t\t\t<div class=\"elementor-widget-container\">\n\t\t\t\t\t\t\t<div class=\"elementor-icon-box-wrapper\">\n\n\t\t\t\t\t\t<div class=\"elementor-icon-box-icon\">\n\t\t\t\t<span  class=\"elementor-icon\">\n\t\t\t\t<i aria-hidden=\"true\" class=\"fas fa-star\"><\/i>\t\t\t\t<\/span>\n\t\t\t<\/div>\n\t\t\t\n\t\t\t\t\t\t<div class=\"elementor-icon-box-content\">\n\n\t\t\t\t\t\t\t\t\t<h3 class=\"elementor-icon-box-title\">\n\t\t\t\t\t\t<span  >\n\t\t\t\t\t\t\tNEU:   N\u00e4hcamp\t\t\t\t\t\t<\/span>\n\t\t\t\t\t<\/h3>\n\t\t\t\t\n\t\t\t\t\n\t\t\t<\/div>\n\t\t\t\n\t\t<\/div>\n\t\t\t\t\t\t<\/div>\n\t\t\t\t<\/div>\n\t\t\t\t<div class=\"elementor-element elementor-element-9503c17 elementor-position-top elementor-widget elementor-widget-image-box\" data-id=\"9503c17\" data-element_type=\"widget\" data-e-type=\"widget\" data-widget_type=\"image-box.default\">\n\t\t\t\t<div class=\"elementor-widget-container\">\n\t\t\t\t\t<div class=\"elementor-image-box-wrapper\"><figure class=\"elementor-image-box-img\"><img fetchpriority=\"high\" decoding=\"async\" width=\"1370\" height=\"1362\" src=\"https:\/\/country-holiday.de\/wp-content\/uploads\/2022\/02\/naehcamp-nov-2022.jpg\" class=\"attachment-1536x1536 size-1536x1536 wp-image-1663\" alt=\"\" srcset=\"https:\/\/country-holiday.de\/wp-content\/uploads\/2022\/02\/naehcamp-nov-2022.jpg 1370w, https:\/\/country-holiday.de\/wp-content\/uploads\/2022\/02\/naehcamp-nov-2022-300x298.jpg 300w, https:\/\/country-holiday.de\/wp-content\/uploads\/2022\/02\/naehcamp-nov-2022-1024x1018.jpg 1024w, https:\/\/country-holiday.de\/wp-content\/uploads\/2022\/02\/naehcamp-nov-2022-150x150.jpg 150w, https:\/\/country-holiday.de\/wp-content\/uploads\/2022\/02\/naehcamp-nov-2022-768x764.jpg 768w, https:\/\/country-holiday.de\/wp-content\/uploads\/2022\/02\/naehcamp-nov-2022-51x51.jpg 51w, https:\/\/country-holiday.de\/wp-content\/uploads\/2022\/02\/naehcamp-nov-2022-80x80.jpg 80w, https:\/\/country-holiday.de\/wp-content\/uploads\/2022\/02\/naehcamp-nov-2022-305x303.jpg 305w, https:\/\/country-holiday.de\/wp-content\/uploads\/2022\/02\/naehcamp-nov-2022-704x700.jpg 704w, https:\/\/country-holiday.de\/wp-content\/uploads\/2022\/02\/naehcamp-nov-2022-956x950.jpg 956w, https:\/\/country-holiday.de\/wp-content\/uploads\/2022\/02\/naehcamp-nov-2022-1086x1080.jpg 1086w\" sizes=\"(max-width: 1370px) 100vw, 1370px\" \/><\/figure><div class=\"elementor-image-box-content\"><h3 class=\"elementor-image-box-title\">Sue's Creation N\u00e4hcamp<\/h3><p class=\"elementor-image-box-description\">Kreatives N\u00e4hen in Sue's Creativerkstatt\n\n  3 Tage (2 \u00dc\/Fr\u00fchst\u00fcck)  189,--\u20ac<\/p><\/div><\/div>\t\t\t\t<\/div>\n\t\t\t\t<\/div>\n\t\t\t\t<div class=\"elementor-element elementor-element-183c3c17 elementor-widget elementor-widget-spacer\" data-id=\"183c3c17\" data-element_type=\"widget\" data-e-type=\"widget\" data-widget_type=\"spacer.default\">\n\t\t\t\t<div class=\"elementor-widget-container\">\n\t\t\t\t\t\t\t<div class=\"elementor-spacer\">\n\t\t\t<div class=\"elementor-spacer-inner\"><\/div>\n\t\t<\/div>\n\t\t\t\t\t\t<\/div>\n\t\t\t\t<\/div>\n\t\t\t\t<div class=\"elementor-element elementor-element-63297780 elementor-view-default elementor-position-top elementor-widget elementor-widget-themo-header\" data-id=\"63297780\" data-element_type=\"widget\" data-e-type=\"widget\" data-widget_type=\"themo-header.default\">\n\t\t\t\t<div class=\"elementor-widget-container\">\n\t\t\t\t\t\t\t<div class=\"th-header-wrap\">\n        <div class=\"elementor-icon-box-wrapper th-show-icon\">\n                            <div class=\"elementor-icon-box-icon th-icon-size-md\">\n                    <span class=\"elementor-icon \">\n                        <i aria-hidden=\"true\" class=\"fas fa-palette\"><\/i>                    <\/span>\n                <\/div>\n                                <div class=\"elementor-icon-box-content\">\n                    <h2 class=\"elementor-icon-box-title\">\n                        MiniMal - Urlaub                    <\/h2>\n                                            <span class=\"th-header-divider\"><\/span>\n                                        <p class=\"elementor-icon-box-description\"><p><b>4 Tage Malen \u2013 Dein Motiv, Deine Technik \u2013 mit meiner Hilfe wenn gew\u00fcnscht<\/b><\/p>\n\n<p><b>Termine  siehe unter:  www.suescreation.de <\/b><\/p>\n\n<p style=\"text-align: left;margin-top: 40px\">Vier Tage f\u00fcr DICH, egal ob Du alleine kommst, mit Freund oder Freundin, Mann, Mutter oder Oma - diese Zeit ist f\u00fcr DICH. <\/p>\n\n<p style=\"text-align: left\">\nGemalt wird im neu eingerichtete Sue's Creation-Studio in Gr\u00f6mitz Brenkenhagen (wahlweise auch unter freiem Himmel).<\/p>\n\n<p style=\"text-align: left\">\nDer Strand von Gr\u00f6mitz (4 km) l\u00e4dt zum Entspannen ein, die \"Gr\u00f6mitzer Welle\" mit 30\u00b0 Wassertemperatur zu einem Besuch und einer belebenden AquaFitness Einlage. Spazierg\u00e4nge oder Fahrradtouren starten direkt von unserem Hof in die wundersch\u00f6ne ostholsteinische Landschaft.\n<\/p>\n\n<p style=\"text-align: left\"> \nUnterkunft im Ferienhaus \"Country Holiday\" mit insges. 3 Doppelzimmern. \n<\/p>\n\n<p style=\"text-align: left\"> \nVoranmeldung sofort m\u00f6glich, Teilnehmerzahl max. 6 Teilnehmer \n<\/p>\n\n<p><\/p>\n<p style=\"text-align: left\">\n<b>4 Tage MiniMal-Urlaub inkl. Unterkunft im DZ und Halbpension<br>\nMalmaterial,<br> Kurkarte<br>\n\u20ac 494,--  DZ\/VP<\/b>\n<\/p><\/p>\n\n                                            <div class=\"th-btn-wrap\">\n                                                            <a class=\"btn-1 btn th-btn btn-standard-primary\" href=\"https:\/\/www.suescreation.de\/\" target=\"_blank\">\n                                                                            Mehr Informationen                                                                    <\/a>\n                            \n                                                    <\/div>\n                                    <\/div>\n            <\/div>\n\n        <\/div>\n\n\t\t\t\t\t\t<\/div>\n\t\t\t\t<\/div>\n\t\t\t\t<div class=\"elementor-element elementor-element-003af14 elementor-view-default elementor-position-top elementor-widget elementor-widget-themo-header\" data-id=\"003af14\" data-element_type=\"widget\" data-e-type=\"widget\" data-widget_type=\"themo-header.default\">\n\t\t\t\t<div class=\"elementor-widget-container\">\n\t\t\t\t\t\t\t<div class=\"th-header-wrap\">\n        <div class=\"elementor-icon-box-wrapper th-show-icon\">\n                            <div class=\"elementor-icon-box-icon th-icon-size-md\">\n                    <span class=\"elementor-icon \">\n                        <i aria-hidden=\"true\" class=\"fas fa-palette\"><\/i>                    <\/span>\n                <\/div>\n                                <div class=\"elementor-icon-box-content\">\n                    <h2 class=\"elementor-icon-box-title\">\n                        MiniMal - Urlaub                    <\/h2>\n                                            <span class=\"th-header-divider\"><\/span>\n                                        <p class=\"elementor-icon-box-description\">\n\nN\u00e4chster Termin:\nAufbaukurs \u00d6lmalerei\n14. + 15. Juli 2023\n199,--\u20ac inkl. Malmaterial\nzzgl. \u00dcbernachtung<\/p>\n\n                                            <div class=\"th-btn-wrap\">\n                                                            <a class=\"btn-1 btn th-btn btn-standard-primary\" href=\"https:\/\/www.suescreation.de\/\" target=\"_blank\">\n                                                                            Mehr Informationen                                                                    <\/a>\n                            \n                                                    <\/div>\n                                    <\/div>\n            <\/div>\n\n        <\/div>\n\n\t\t\t\t\t\t<\/div>\n\t\t\t\t<\/div>\n\t\t\t\t<div class=\"elementor-element elementor-element-40b9772e elementor-widget elementor-widget-spacer\" data-id=\"40b9772e\" data-element_type=\"widget\" data-e-type=\"widget\" data-widget_type=\"spacer.default\">\n\t\t\t\t<div class=\"elementor-widget-container\">\n\t\t\t\t\t\t\t<div class=\"elementor-spacer\">\n\t\t\t<div class=\"elementor-spacer-inner\"><\/div>\n\t\t<\/div>\n\t\t\t\t\t\t<\/div>\n\t\t\t\t<\/div>\n\t\t\t\t\t<\/div>\n\t\t<\/div>\n\t\t\t\t\t<\/div>\n\t\t<\/section>\n\t\t\t\t<section class=\"elementor-section elementor-top-section elementor-element elementor-element-76a5c2e elementor-section-boxed elementor-section-height-default elementor-section-height-default\" data-id=\"76a5c2e\" data-element_type=\"section\" data-e-type=\"section\">\n\t\t\t\t\t\t<div class=\"elementor-container elementor-column-gap-default\">\n\t\t\t\t\t<div class=\"elementor-column elementor-col-100 elementor-top-column elementor-element elementor-element-a4e3d56\" data-id=\"a4e3d56\" data-element_type=\"column\" data-e-type=\"column\">\n\t\t\t<div class=\"elementor-widget-wrap\">\n\t\t\t\t\t\t\t<\/div>\n\t\t<\/div>\n\t\t\t\t\t<\/div>\n\t\t<\/section>\n\t\t\t\t<section class=\"elementor-section elementor-top-section elementor-element elementor-element-864b9c8 elementor-section-height-full elementor-section-content-middle elementor-section-boxed elementor-section-height-default elementor-section-items-middle\" data-id=\"864b9c8\" data-element_type=\"section\" data-e-type=\"section\" data-settings=\"{&quot;background_background&quot;:&quot;slideshow&quot;,&quot;background_slideshow_gallery&quot;:[{&quot;id&quot;:1438,&quot;url&quot;:&quot;https:\\\/\\\/country-holiday.de\\\/wp-content\\\/uploads\\\/2021\\\/06\\\/thumbnail.jpg&quot;},{&quot;id&quot;:1437,&quot;url&quot;:&quot;https:\\\/\\\/country-holiday.de\\\/wp-content\\\/uploads\\\/2021\\\/06\\\/IMG_4172.jpg&quot;},{&quot;id&quot;:1436,&quot;url&quot;:&quot;https:\\\/\\\/country-holiday.de\\\/wp-content\\\/uploads\\\/2021\\\/06\\\/IMG_4171.jpg&quot;},{&quot;id&quot;:1432,&quot;url&quot;:&quot;https:\\\/\\\/country-holiday.de\\\/wp-content\\\/uploads\\\/2021\\\/06\\\/IMG_4164.jpg&quot;},{&quot;id&quot;:1431,&quot;url&quot;:&quot;https:\\\/\\\/country-holiday.de\\\/wp-content\\\/uploads\\\/2021\\\/06\\\/4406256b-bd89-45d4-adad-95ec6888e56f.jpg&quot;},{&quot;id&quot;:1435,&quot;url&quot;:&quot;https:\\\/\\\/country-holiday.de\\\/wp-content\\\/uploads\\\/2021\\\/06\\\/IMG_4170-rotated.jpg&quot;},{&quot;id&quot;:1434,&quot;url&quot;:&quot;https:\\\/\\\/country-holiday.de\\\/wp-content\\\/uploads\\\/2021\\\/06\\\/IMG_4169-rotated.jpg&quot;},{&quot;id&quot;:1433,&quot;url&quot;:&quot;https:\\\/\\\/country-holiday.de\\\/wp-content\\\/uploads\\\/2021\\\/06\\\/IMG_4168-rotated.jpg&quot;}],&quot;background_slideshow_slide_transition&quot;:&quot;slide_left&quot;,&quot;background_slideshow_loop&quot;:&quot;yes&quot;,&quot;background_slideshow_slide_duration&quot;:5000,&quot;background_slideshow_transition_duration&quot;:500}\">\n\t\t\t\t\t\t<div class=\"elementor-container elementor-column-gap-wider\">\n\t\t\t\t\t<div class=\"elementor-column elementor-col-100 elementor-top-column elementor-element elementor-element-2ef3172\" data-id=\"2ef3172\" data-element_type=\"column\" data-e-type=\"column\">\n\t\t\t<div class=\"elementor-widget-wrap\">\n\t\t\t\t\t\t\t<\/div>\n\t\t<\/div>\n\t\t\t\t\t<\/div>\n\t\t<\/section>\n\t\t\t\t<\/div>\n\t\t","protected":false},"excerpt":{"rendered":"<p>NEU: N\u00e4hcamp Sue&#8217;s Creation N\u00e4hcamp Kreatives N\u00e4hen in Sue&#8217;s Creativerkstatt 3 Tage (2 \u00dc\/Fr\u00fchst\u00fcck) 189,&#8211;\u20ac MiniMal &#8211; Urlaub 4 Tage Malen \u2013 Dein Motiv, Deine Technik \u2013 mit meiner Hilfe wenn gew\u00fcnscht Termine siehe unter: www.suescreation.de Vier Tage f\u00fcr DICH, &hellip; <a href=\"https:\/\/country-holiday.de\/?page_id=61\">Read More<\/a><\/p>\n","protected":false},"author":1,"featured_media":0,"parent":0,"menu_order":19,"comment_status":"closed","ping_status":"closed","template":"","meta":{"footnotes":""},"class_list":["post-61","page","type-page","status-publish","hentry"],"_links":{"self":[{"href":"https:\/\/country-holiday.de\/index.php?rest_route=\/wp\/v2\/pages\/61","targetHints":{"allow":["GET"]}}],"collection":[{"href":"https:\/\/country-holiday.de\/index.php?rest_route=\/wp\/v2\/pages"}],"about":[{"href":"https:\/\/country-holiday.de\/index.php?rest_route=\/wp\/v2\/types\/page"}],"author":[{"embeddable":true,"href":"https:\/\/country-holiday.de\/index.php?rest_route=\/wp\/v2\/users\/1"}],"replies":[{"embeddable":true,"href":"https:\/\/country-holiday.de\/index.php?rest_route=%2Fwp%2Fv2%2Fcomments&post=61"}],"version-history":[{"count":55,"href":"https:\/\/country-holiday.de\/index.php?rest_route=\/wp\/v2\/pages\/61\/revisions"}],"predecessor-version":[{"id":2144,"href":"https:\/\/country-holiday.de\/index.php?rest_route=\/wp\/v2\/pages\/61\/revisions\/2144"}],"wp:attachment":[{"href":"https:\/\/country-holiday.de\/index.php?rest_route=%2Fwp%2Fv2%2Fmedia&parent=61"}],"curies":[{"name":"wp","href":"https:\/\/api.w.org\/{rel}","templated":true}]}}