{"id":1307,"date":"2021-05-18T10:48:53","date_gmt":"2021-05-18T08:48:53","guid":{"rendered":"https:\/\/country-holiday.de\/?page_id=1307"},"modified":"2021-05-18T10:48:54","modified_gmt":"2021-05-18T08:48:54","slug":"agb-2-2","status":"publish","type":"page","link":"https:\/\/country-holiday.de\/?page_id=1307","title":{"rendered":"AGB"},"content":{"rendered":"\t\t<div data-elementor-type=\"wp-page\" data-elementor-id=\"1307\" class=\"elementor elementor-1307\">\n\t\t\t\t\t\t<section class=\"elementor-section elementor-top-section elementor-element elementor-element-44417720 elementor-section-boxed elementor-section-height-default elementor-section-height-default\" data-id=\"44417720\" data-element_type=\"section\" data-e-type=\"section\">\n\t\t\t\t\t\t<div class=\"elementor-container elementor-column-gap-default\">\n\t\t\t\t\t<div class=\"elementor-column elementor-col-100 elementor-top-column elementor-element elementor-element-14a022a9\" data-id=\"14a022a9\" data-element_type=\"column\" data-e-type=\"column\">\n\t\t\t<div class=\"elementor-widget-wrap elementor-element-populated\">\n\t\t\t\t\t\t<div class=\"elementor-element elementor-element-e8e8737 elementor-widget elementor-widget-text-editor\" data-id=\"e8e8737\" data-element_type=\"widget\" data-e-type=\"widget\" data-widget_type=\"text-editor.default\">\n\t\t\t\t<div class=\"elementor-widget-container\">\n\t\t\t\t\t\t\t\t\t<p style=\"text-align: center;\">Liebe G\u00e4ste<\/p><p>Wir begr\u00fc\u00dfen Sie in unserem Ferienhaus Country Holiday<\/p><p>Unsere Ferienwohnung\/Unser Ferienhaus soll Ihnen ein zweites zu Hause sein. Sie sollen sich wohlf\u00fchlen und ausruhen k\u00f6nnen. Wir haben uns mit der Einrichtung viel M\u00fche gegeben und hoffen, dass Sie alles vorfinden, was Sie ben\u00f6tigen. (falls etwas fehlt oder nicht in Ordnung ist, bitten wir um sofortige Mitteilung)<\/p><h2>Die nachstehende Hausordnung und AGB sollen eine Hilfestellung f\u00fcr einen harmonischen Aufenthalt sein.<\/h2><p>Au\u00dferdem haben wir einige Regeln aufgef\u00fchrt von denen wir hoffen, dass sie Ihr Verst\u00e4ndnis finden. Durch eine ordentliche Behandlung der Wohnung helfen Sie uns auch in Zukunft, Ihnen und anderen G\u00e4sten zufriedenstellende R\u00e4umlichkeiten anzubieten.<\/p><h3>Allgemein:<\/h3><p>Sollten Sie irgendetwas in der Einrichtung vermissen oder wenn Sie Hilfe brauchen, wenden Sie sich an uns. S\u00e4mtliche Dinge, die sich in der Ferienwohnung\/ im Ferienhaus oder auf dem Balkon bzw. der Terrasse befinden, oder dazugeh\u00f6ren, d\u00fcrfen und sollen von den G\u00e4sten benutzt werden. Bitte gehen Sie mit der gesamten Einrichtung und dem Inventar sorgsam um und hinterlassen Sie alles in dem Zustand, wie Sie es vorgefunden haben.<\/p><p>Tragen Sie bitte Sorge daf\u00fcr, dass auch Ihre Mitreisenden, die Mietbedingungen einhalten.<\/p><h3>K\u00fcche<\/h3><p>Bitte gehen Sie pfleglich mit der K\u00fccheneinrichtung und den technischen Ger\u00e4ten um. Da eine verschmutzte K\u00fcche niemanden erfreut, stellen Sie bitte Geschirr, T\u00f6pfe und Besteck nur in sauberem und trockenem Zustand in die Schr\u00e4nke. Stellen Sie hei\u00dfe T\u00f6pfe und andere hei\u00dfe Gegenst\u00e4nde bitte nicht ohne Untersetzer auf die Tische oder die Arbeitsplatte. Benutzen Sie zum Schneiden immer ein Schneidebrett als Unterlage. Hinterlassen Sie den Innenraum vonK\u00fchlschrank,\u00a0 Backofen und Mikrowelle bitte im sauberen Zustand.<\/p><h3>Besch\u00e4digungen<\/h3><p>Niemand besch\u00e4digt absichtlich Sachen, es kann jedoch jedem passieren, dass einmal etwas kaputt geht. Wir w\u00fcrden uns freuen, wenn Sie den entstandenen Schaden mitteilen und wir diesen, nicht erst nach Ihrer Abreise bei der Endreinigung feststellen. Der Mieter haftet f\u00fcr Besch\u00e4digungen, in H\u00f6he der Wiederbeschaffungskosten.<\/p><h3>L\u00fcften<\/h3><p>Zur Vermeidung von Schimmelbildung bitten wir Sie die R\u00e4ume ausreichend zu l\u00fcften, mindestens 1x Sto\u00dfl\u00fcftung am Tag f\u00fcr 5-10 min und insbesondere w\u00e4hrend und nach dem Duschen.<\/p><p>Ansonsten halten Sie bitte Fenster und T\u00fcren geschlossen.\u00a0 Ostholstein ist f\u00fcr heftige und pl\u00f6tzliche Winde bekannt die schon so manches Fenster und die eine oder andere T\u00fcr zerlegt haben.\u00a0<\/p><h3>Sorgfaltspflicht<\/h3><p>Wir bitten unsere G\u00e4ste, das Mietobjekt pfleglich zu behandeln und daf\u00fcr Sorge zu tragen, dass auch Mitreisende und Angeh\u00f6rigen die Mietbedingungen einhalten. Die Eingangst\u00fcr soll grunds\u00e4tzlich geschlossen sein und beim Verlassen des Hauses per Schl\u00fcssel verschlossen werden. Ebenso sind auch alle Fenster unbedingt bei Verlassen der Wohnung zu schlie\u00dfen, um m\u00f6gliche Sch\u00e4den durch Unwetter oder Einbruch zu vermeiden.<\/p><p>Mit den Ressourcen Wasser und Strom und Heizung ist schonend umzugehen.<\/p><h3>Entsorgung<\/h3><p>Der Abfall wird nach Restm\u00fcll,\u00a0 Papier, kompostierbarer Abfall und Verpackungen mit dem gr\u00fcnen Punkt getrennt.\u00a0 \u00a0Entsprechende Beh\u00e4ltnisse stehen auf dem Grundst\u00fcck zur Verf\u00fcgung.<\/p><p>Ein Glascontainer steht 50 m entfernt vor dem Feuerwehrhaus.<\/p><p>M\u00fclleimer und Kosmetikeimer im Bad bitte nur mit M\u00fcllt\u00fcten benutzen.\u00a0 In die K\u00fcchensp\u00fcle, die Toiletten, die Waschbecken und Dusche d\u00fcrfen keine Abf\u00e4lle, Essensreste, sch\u00e4dliche Fl\u00fcssigkeiten oder \u00c4hnliches geworfen bzw. gesch\u00fcttet werden! Vermeiden sie alles, was zu Verstopfungen der Leitungen f\u00fchren kann (keine Hygieneartikel in die Toilette).<\/p><h3>Reinigung<\/h3><p>Sollten Ihnen mal ein Missgeschick (Schmutz, Fl\u00fcssigkeiten auf Boden oder Arbeitsfl\u00e4chen usw.) passieren, bitten wir Sie dies sofort zu beseitigen. Wir erwarten, dass Sie die Ferienwohnung bei Abreise so hinterlassen, wie Sie sie vorgefunden haben.<\/p><p>Benutzte Geschirr wieder sauber und an die richtige Stelle in die Schr\u00e4nke einr\u00e4umen.<\/p><h3>Ruhezeiten<\/h3><p>Im Sinne einer guten Nachbarschaft bitten wir Sie, die \u00f6ffentlichen Ruhezeiten wie Mittag-, Nacht- und Sonntagsruhe einzuhalten. Auch in der Ferienwohnung selbst sollte aus R\u00fccksicht zwischen 22:00 und 7:00 Uhr Ruhe gehalten werden.<\/p><h3>Internet\/WLAN<\/h3><p>In der Ferienwohnung\/im Ferienhaus ist ein kabelloser Internetanschluss (WLAN) vorhanden. Bitte fragen Sie uns nach dem Zugangs-Code. Die Nutzung des Internets mit Ihrem eigenen WLAN-f\u00e4higen Endger\u00e4t (Notebook, PDA, Smartphone etc.) \u00fcber den WLAN-Anschluss ist f\u00fcr den Mieter kostenlos. Sie nutzen das Internet auf eigene Gefahr, der Vermieter schlie\u00dft jede Haftung im Zusammenhang mit der Internetnutzung des Mieters aus. F\u00fcr die Nutzung des Internetzugangs \u00fcber WLAN sind zus\u00e4tzlich die WLAN Nutzungsregeln zu ber\u00fccksichtigen. Bitte haben Sie aber Verst\u00e4ndnis daf\u00fcr, dass wir uns gegen Missbrauch mit einer Unterschrift ihrerseits absichern (m\u00fcssen).<\/p><h3>Raucher<\/h3><p>Rauchen ist in der Ferienwohnung\/dem Ferienhaus nicht erlaubt. Bitte verlassen Sie zum Rauchen die Ferienwohnung\/das Ferienhaus (jedoch nicht unter dem Fenster des Nachbarn)<\/p><p>Entsorgen Sie bitte die vollst\u00e4ndig erkalteten Zigarettenreste in die Restm\u00fclltonne.<\/p><h3>Haustiere<\/h3><p>Das Mitbringen von Haustieren ist nach Absprache erlaubt. Tiere d\u00fcrfen NICHT auf die M\u00f6bel. Bei der abschlie\u00dfenden Reinigung ist mit besonderer Sorgfalt vor zu gehen!<\/p><h3>Parkm\u00f6glichkeiten<\/h3><p>Es kann direkt vor der Ferienwohnung\/dem Ferienhaus geparkt werden, weitere \u00f6ffentliche Stellfl\u00e4chen befinden sich in unmittelbarer N\u00e4he. Soweit Ihnen ein Stellplatz zur Verf\u00fcgung gestellt wird, kommt dadurch kein Verwahrungsvertrag zustande. Bei Abhandenkommen oder Besch\u00e4digung auf dem Grundst\u00fcck abgestellter oder rangierter Kraftfahrzeuge und deren Inhalte haftet der Vermieter nicht, au\u00dfer bei Vorsatz oder grober Fahrl\u00e4ssigkeit.<\/p><h3>Hausrecht<\/h3><p>Bei sofort notwendigen Reparaturen kann es unerl\u00e4sslich sein, dass der Vermieter die Ferienwohnung ohne Wissen des Gastes betreten muss.<\/p><h3>Schl\u00fcssel<\/h3><p>Es wird Ihnen bei Anreise ein Schl\u00fcssel-Set \u00fcbergeben (Haust\u00fcr, Hauswirtschaftsraum, Fenster) Bitte geben Sie die Schl\u00fcssel nie aus der Hand. Ein Verlust der Schl\u00fcssel ist umgehend zu melden und der Gast haftet bis zur H\u00f6he der Wiederbeschaffungskosten.<\/p><h3>Haftung<\/h3><p>Der Vermieter haftet nicht f\u00fcr Wertgegenst\u00e4nde des Gastes\/der G\u00e4ste.<\/p><h3>An- und Abreise<\/h3><p>Die Anreise erfolgt nach Absprache. Am Abreisetag bitten wir unsere G\u00e4ste die Ferienwohnung\/das Ferienhaus bis sp\u00e4testens 1o.oo Uhr freizugeben. Bei Ihrer Abreise sollte die Ferienwohnung\/das Ferienhaus wieder so aussehen, wie Sie sie vorgefunden haben.<\/p><h2 style=\"text-align: center;\">Allgemeine Gesch\u00e4ftsbedingungen<\/h2><h2 style=\"text-align: center;\">\u201eCountry-Holiday\u201c Ferienwohnungen<\/h2><ol><li>Anreise \/ Abreise<\/li><\/ol><p>Am Anreisetag ab 16.00 Uhr bis Abreisetag sp\u00e4testens 10.00 Uhr.. Die Abreise muss am Abreisetag bis sp\u00e4testens 09.30 Uhr erfolgen. Eine \u00dcberziehung der Abreisezeit von\u00a0 mehr als 1 Std. \u00a0hat die Berechnung einer weiteren \u00dcbernachtung zur Folge.<\/p><p>Andere An- und Abreisezeiten k\u00f6nnen mit dem Vermieter individuell vereinbart werden. Sollte der Mieter am Anreisetag bis 22.00 Uhr nicht erscheinen, gilt der Vertrag nach einer Frist von 48 Stunden ohne Benachrichtigung an den Vermieter als gek\u00fcndigt. Der Vermieter oder dessen Vertreter kann dann \u00fcber das Objekt frei verf\u00fcgen. Eine (anteilige) R\u00fcckzahlung der Miete aufgrund verfr\u00fchter Abreise erfolgt grunds\u00e4tzlich nicht.<\/p><ol start=\"2\"><li>Sonderw\u00fcnsche und Nebenabreden<\/li><\/ol><p>sind grunds\u00e4tzlich m\u00f6glich. Sie bed\u00fcrfen der schriftlichen Best\u00e4tigung durch den Vermieter. Bei Haustieren ist Art und Gr\u00f6\u00dfe anzugeben.<\/p><ol start=\"3\"><li>Bezahlung<\/li><\/ol><p>Der Mietvertrag erh\u00e4lt mit Eingang der Anzahlung auf das Konto des Vermieters seine G\u00fcltigkeit. Die Anzahlung in H\u00f6he von 20% des Mietbetrages ist innerhalb von sieben Tagen nach Erhalt der Buchungsunterlagen zur Zahlung f\u00e4llig. Nach der erfolgten Anzahlung wird 30 Tage vor Reiseantritt die Zahlung des Restbetrages f\u00e4llig. Werden die Zahlungsfristen nicht eingehalten, so kann der Vermieter vom Vertrag zur\u00fccktreten. Die Nichtzahlung gilt als R\u00fccktritt und berechtigt zur Neuvermietung.<\/p><p>Nebenkosten f\u00fcr Wasser, PKW-Stellplatz, Abfall werden nicht erhoben.<\/p><ul><li>Kaution: 100,&#8211; (bei Anreise in bar zu entrichten, wird bei Abreise erstattet wenn kein Grund zur Inanspruchnahme vorliegt)<\/li><li>Endreinigung: 50,&#8211;\u20ac vor Ort in bar zu entrichten<\/li><li>W\u00e4schepaket (Bettw\u00e4sche): 5,&#8211;\/Person\/Aufenthalt- bei Abreise bar zu entrichten<\/li><li>Handtuchpaket (2 Handt\u00fccher+1 Duschtuch\/Person): 5,&#8211;\/Person\/Aufenthalt &#8211; bei Abreise bar zu entrichten<\/li><li>Haustier: 5&#8211;\u20ac\/Tag &#8211; bei Abreise bar zu entrichten<\/li><li>Kurtaxe: 2,&#8211;\u20ac\/Tag &#8211; bei Abreise bar zu entrichten<\/li><\/ul><ol start=\"4\"><li>R\u00fccktritt<\/li><\/ol><p>Sie k\u00f6nnen jederzeit vom Vertrag zur\u00fccktreten.\u00a0 Der R\u00fccktritt muss schriftlich erfolgen. Im Falle des R\u00fccktritts sind Sie zum Ersatz des uns entstandenen Schadens verpflichtet:<\/p><ul><li>vom Tag der Buchungsbest\u00e4tigung durch den Vermieter bis zum 121. Tag vor Mietbeginn keine Entsch\u00e4digung<\/li><li>vom 120. Tag bis zum 61. Tag vor Mietbeginn H\u00f6he der Anzahlung<\/li><li>vom 60. Tag bis zum 15. Tag vor Mietbeginn 50% des Gesamtpreises<\/li><li>vom 14. Tag bis zum 8. Tag vor Mietbeginn 80% des Gesamtpreises<\/li><\/ul><p>Bei einem R\u00fccktritt weniger als acht Tage vor Mietbeginn ist der volle Reisepreis zu zahlen. Es z\u00e4hlt jeweils das Empfangsdatum Ihrer R\u00fccktrittsnachricht. Bereits eingezahlte Betr\u00e4ge werden verrechnet.<\/p><p>Eine Ersatzperson, die zu genannten Bedingungen in Ihren Vertrag eintritt, kann von Ihnen gestellt werden. Eine schriftliche Benachrichtigung gen\u00fcgt.<\/p><ol start=\"5\"><li>Pflichten des Mieters<\/li><\/ol><p>Der Mieter verpflichtet sich, die gemieteten Sachen (Ferienhaus, Inventar und Au\u00dfenanlagen) pfleglich zu behandeln. Wenn w\u00e4hrend des Mietverh\u00e4ltnisses Sch\u00e4den am Ferienhaus und \/ oder dessen Inventar auftreten, ist der Mieter verpflichtet, dies unverz\u00fcglich bei der Hausverwaltung anzuzeigen.<\/p><p>Bereits bei der Ankunft festgestellte M\u00e4ngel und Sch\u00e4den m\u00fcssen sofort bei der Hausverwaltung gemeldet werden, ansonsten haftet der Mieter f\u00fcr diese Sch\u00e4den. Zur Beseitigung von Sch\u00e4den und M\u00e4ngeln ist eine angemessene Frist einzur\u00e4umen. Anspr\u00fcche aus Beanstandungen, die nicht unverz\u00fcglich vor Ort gemeldet werden, sind ausgeschlossen. Reklamationen, die erst am Ende des Aufenthaltes bzw. nach Verlassen des Ferienhauses bei dem Vermieter eingehen, sind ebenfalls vom Schadenersatz ausgeschlossen.<\/p><p>Bei eventuell auftretenden Leistungsst\u00f6rungen ist der Mieter verpflichtet, alles im Rahmen seiner gesetzlichen Verpflichtung Zumutbare zu tun, um zu einer Behebung der St\u00f6rung beizutragen und eventuell entstandenen Schaden gering zu halten.<\/p><p>Am Abreisetag sind vom Mieter pers\u00f6nliche Gegenst\u00e4nde zu entfernen, der Hausm\u00fcll (Kosmetikeimer nicht vergessen) ist in die vorgesehenen Beh\u00e4lter zu entsorgen (strikte M\u00fclltrennung) , Geschirr ist sauber und abgewaschen in den K\u00fcchenschr\u00e4nken zu lagern. \u00a0W\u00e4sche (trocken!) in die W\u00e4schesammler.\u00a0 K\u00fchlschrank leeren und s\u00e4ubern.\u00a0 Die Wohnung ist ordnungsgem\u00e4\u00df und besenrein zu \u00fcbergeben.<\/p><ol start=\"6\"><li>Datenschutz<\/li><\/ol><p>Der Mieter erkl\u00e4rt sich damit einverstanden, dass im Rahmen des mit ihm abgeschlossenen Vertrages notwendige Daten \u00fcber seine Person gespeichert, ge\u00e4ndert und \/ oder gel\u00f6scht werden. Alle pers\u00f6nlichen Daten werden absolut vertraulich behandelt.<\/p><ol start=\"7\"><li>Haftung<\/li><\/ol><p>Die Ausschreibung wurde nach bestem Wissen erstellt. F\u00fcr eine Beeinflussung des Mietobjektes durch h\u00f6here Gewalt, durch landes\u00fcbliche Strom- und Wasserausf\u00e4lle und Unwetter wird nicht gehaftet. Ebenso wird nicht gehaftet bei Eintritt unvorhersehbarer oder unvermeidbarer Umst\u00e4nde wie z.B. beh\u00f6rdlicher Anordnung, pl\u00f6tzlicher Baustelle oder f\u00fcr St\u00f6rungen durch naturbedingte und \u00f6rtliche Begebenheiten. Der Vermieter ist aber gern bei der Behebung der Probleme (soweit dies m\u00f6glich ist) behilflich.<\/p><p>Eine Haftung des Vermieters f\u00fcr die Benutzung der bereitgestellten Spiel- und Sportger\u00e4te ist ausgeschlossen.<\/p><p>Die An- und Abreise des Mieters erfolgt in eigener Verantwortung und Haftung. Der Vermieter haftet nicht f\u00fcr pers\u00f6nliche Gegenst\u00e4nde bei Diebstahl oder Feuer. F\u00fcr mutwillige Zerst\u00f6rungen bzw. Sch\u00e4den haftet der Mieter in vollem Umfang.<\/p><ol start=\"8\"><li>Schlussbestimmungen<\/li><\/ol><p>Fotos und Text auf der Webseite bzw. im Flyer dienen der realistischen Beschreibung. Die 100-prozentige \u00dcbereinstimmung mit dem Mietobjekt kann nicht gew\u00e4hrleistet werden. Der Vermieter beh\u00e4lt sich \u00c4nderungen der Ausstattung (z. B. M\u00f6bel) vor, sofern sie gleichwertig sind.<\/p><p>Sollten eine oder mehrere Bestimmungen dieser Gesch\u00e4ftsbedingungen unwirksam sein oder werden, ber\u00fchrt dies die Wirksamkeit der \u00fcbrigen Bedingungen nicht. Die unwirksame Regelung ist durch eine wirksame zu ersetzen, die dem wirtschaftlichen und rechtlichem Willen der Vertragsparteien am n\u00e4chsten \u00a0kommt.<\/p><p>Es gilt deutsches Recht. Gerichtsstand und Erf\u00fcllungsort ist der Wohnort des Vermieters.<\/p><p>Ihr Country Holiday Team<\/p><p>Sue und Uwe Legahn<\/p><p>Am Dorfplatz 11<\/p><p>23743 Brenkenhagen<\/p><p>www.country-holiday.de<\/p>\t\t\t\t\t\t\t\t<\/div>\n\t\t\t\t<\/div>\n\t\t\t\t\t<\/div>\n\t\t<\/div>\n\t\t\t\t\t<\/div>\n\t\t<\/section>\n\t\t\t\t<\/div>\n\t\t","protected":false},"excerpt":{"rendered":"<p>Liebe G\u00e4ste Wir begr\u00fc\u00dfen Sie in unserem Ferienhaus Country Holiday Unsere Ferienwohnung\/Unser Ferienhaus soll Ihnen ein zweites zu Hause sein. Sie sollen sich wohlf\u00fchlen und ausruhen k\u00f6nnen. Wir haben uns mit der Einrichtung viel M\u00fche gegeben und hoffen, dass Sie &hellip; <a href=\"https:\/\/country-holiday.de\/?page_id=1307\">Read More<\/a><\/p>\n","protected":false},"author":2,"featured_media":0,"parent":0,"menu_order":0,"comment_status":"closed","ping_status":"closed","template":"","meta":{"footnotes":""},"class_list":["post-1307","page","type-page","status-publish","hentry"],"_links":{"self":[{"href":"https:\/\/country-holiday.de\/index.php?rest_route=\/wp\/v2\/pages\/1307","targetHints":{"allow":["GET"]}}],"collection":[{"href":"https:\/\/country-holiday.de\/index.php?rest_route=\/wp\/v2\/pages"}],"about":[{"href":"https:\/\/country-holiday.de\/index.php?rest_route=\/wp\/v2\/types\/page"}],"author":[{"embeddable":true,"href":"https:\/\/country-holiday.de\/index.php?rest_route=\/wp\/v2\/users\/2"}],"replies":[{"embeddable":true,"href":"https:\/\/country-holiday.de\/index.php?rest_route=%2Fwp%2Fv2%2Fcomments&post=1307"}],"version-history":[{"count":1,"href":"https:\/\/country-holiday.de\/index.php?rest_route=\/wp\/v2\/pages\/1307\/revisions"}],"predecessor-version":[{"id":1308,"href":"https:\/\/country-holiday.de\/index.php?rest_route=\/wp\/v2\/pages\/1307\/revisions\/1308"}],"wp:attachment":[{"href":"https:\/\/country-holiday.de\/index.php?rest_route=%2Fwp%2Fv2%2Fmedia&parent=1307"}],"curies":[{"name":"wp","href":"https:\/\/api.w.org\/{rel}","templated":true}]}}